{"id":2,"date":"2023-05-06T14:12:40","date_gmt":"2023-05-06T12:12:40","guid":{"rendered":"https:\/\/www.fewo-reinsch.de\/?page_id=2"},"modified":"2023-12-28T14:23:50","modified_gmt":"2023-12-28T13:23:50","slug":"beispiel-seite","status":"publish","type":"page","link":"https:\/\/www.fewo-reinsch.de\/index.php\/beispiel-seite\/","title":{"rendered":"Unterkunft"},"content":{"rendered":"\n<p>Die in sich abgeschlossene ca. 54 qm gro\u00dfe ebenerdige Ferienwohnung  (Schlafm\u00f6glichkeiten f\u00fcr 3 Personen) liegt in einer ruhigen Wohngegend abseits der Durchgangsstra\u00dfe mit Garten, Liegewiese und Terrasse und ist \u00fcber nur eine Stufe zu erreichen. Einen Parkplatz finden Sie unmittelbar vor dem Haus auf der Stra\u00dfe.<\/p>\n\n\n\n<p>Die Wohnung besteht aus einem Wohnzimmer, einem Schlafzimmer, K\u00fcche, Bad\/WC und einer Terrasse.<\/p>\n\n\n\n<p>Die Ausstattung ist komplett (SAT-TV\/Radio\/kleiner Safe\/Kaffeemaschine\/ Toaster\/ Mikrowelle\/ Elektroherd mit Backofen\/ K\u00fchlschrank mit Gefrierkombination\/B\u00fcgeleisen, Foen usw.). Bett- und Tischw\u00e4sche sowie Handt\u00fccher f\u00fcr den t\u00e4glichen Gebrauch sind ebenfalls vorhanden. Bade\/Strandt\u00fccher bringen Sie bitte selbst mit.<\/p>\n\n\n\n<p>Auf der Terrasse befinden sich Gartenm\u00f6bel und ein Sonnenschirm.<\/p>\n\n\n\n<p>F\u00fcr Radler ist die Unterstellung von Fahrr\u00e4dern m\u00f6glich. F\u00fcr Kleinkinder steht ein Kinderbett bereit.<\/p>\n\n\n\n<p>Geben Sie uns bitte vorher Bescheid, damit wir dies aufbauen k\u00f6nnen.<\/p>\n\n\n\n<p>Einkaufsm\u00f6glichkeiten (Supermarkt mit B\u00e4cker\/Metzger) sind in der N\u00e4he.<\/p>\n","protected":false},"excerpt":{"rendered":"<p>Die in sich abgeschlossene ca. 54 qm gro\u00dfe ebenerdige Ferienwohnung (Schlafm\u00f6glichkeiten f\u00fcr 3 Personen) liegt in einer ruhigen Wohngegend abseits der Durchgangsstra\u00dfe mit Garten, Liegewiese und Terrasse und ist \u00fcber nur eine Stufe zu erreichen. Einen Parkplatz finden Sie unmittelbar vor dem Haus auf der Stra\u00dfe. Die Wohnung besteht aus einem Wohnzimmer, einem Schlafzimmer, K\u00fcche, &hellip; <\/p>\n<p class=\"link-more\"><a href=\"https:\/\/www.fewo-reinsch.de\/index.php\/beispiel-seite\/\" class=\"more-link\"><span class=\"screen-reader-text\">\u201eUnterkunft\u201c <\/span>weiterlesen<\/a><\/p>\n","protected":false},"author":1,"featured_media":108,"parent":0,"menu_order":0,"comment_status":"closed","ping_status":"open","template":"","meta":{"footnotes":""},"class_list":["post-2","page","type-page","status-publish","has-post-thumbnail","hentry"],"_links":{"self":[{"href":"https:\/\/www.fewo-reinsch.de\/index.php\/wp-json\/wp\/v2\/pages\/2","targetHints":{"allow":["GET"]}}],"collection":[{"href":"https:\/\/www.fewo-reinsch.de\/index.php\/wp-json\/wp\/v2\/pages"}],"about":[{"href":"https:\/\/www.fewo-reinsch.de\/index.php\/wp-json\/wp\/v2\/types\/page"}],"author":[{"embeddable":true,"href":"https:\/\/www.fewo-reinsch.de\/index.php\/wp-json\/wp\/v2\/users\/1"}],"replies":[{"embeddable":true,"href":"https:\/\/www.fewo-reinsch.de\/index.php\/wp-json\/wp\/v2\/comments?post=2"}],"version-history":[{"count":4,"href":"https:\/\/www.fewo-reinsch.de\/index.php\/wp-json\/wp\/v2\/pages\/2\/revisions"}],"predecessor-version":[{"id":125,"href":"https:\/\/www.fewo-reinsch.de\/index.php\/wp-json\/wp\/v2\/pages\/2\/revisions\/125"}],"wp:featuredmedia":[{"embeddable":true,"href":"https:\/\/www.fewo-reinsch.de\/index.php\/wp-json\/wp\/v2\/media\/108"}],"wp:attachment":[{"href":"https:\/\/www.fewo-reinsch.de\/index.php\/wp-json\/wp\/v2\/media?parent=2"}],"curies":[{"name":"wp","href":"https:\/\/api.w.org\/{rel}","templated":true}]}}