{"id":17,"date":"2023-05-06T14:18:41","date_gmt":"2023-05-06T12:18:41","guid":{"rendered":"https:\/\/www.fewo-reinsch.de\/?page_id=17"},"modified":"2023-11-30T16:05:01","modified_gmt":"2023-11-30T15:05:01","slug":"ein-homepage-abschnitt","status":"publish","type":"page","link":"https:\/\/www.fewo-reinsch.de\/index.php\/ein-homepage-abschnitt\/","title":{"rendered":"Preis"},"content":{"rendered":"\n<p>Der Preis f\u00fcr die Wohnung betr\u00e4gt ganzj\u00e4hrig \u20ac 50,00 pro Tag plus die am Urlaubsort \u00fcbliche Fremdenverkehrsabgabe von zur Zeit \u20ac 1,50 pro Person\/Tag in der Zeit vom 01.04. &#8211; 31.10. ( ab 18 Jahre) <br><br>W\u00fcnschen Sie eine Belegung unter 5 N\u00e4chten, sprechen Sie uns hierauf gesondert an, es ist gegebenenfalls ein Aufschlag zu entrichten.<\/p>\n\n\n\n<p>Wenn Sie Ihr Haustier mitbringen wollen, ist das grunds\u00e4tzlich kein Problem, sprechen Sie dies aber bitte vorher mit uns ab. F\u00fcr einen Hund f\u00e4llt eine Pauschale von \u20ac 20,00 pro Aufenthalt an. <\/p>\n\n\n\n<p>Im Preis enthalten sind alle Nebenkosten.<\/p>\n\n\n\n<p>Bitte beachten Sie,  dass die Anreise ab 14:00 Uhr m\u00f6glich ist und die Abreise bis 10:00 Uhr erfolgen muss. <\/p>\n\n\n\n<p><\/p>\n","protected":false},"excerpt":{"rendered":"<p>Der Preis f\u00fcr die Wohnung betr\u00e4gt ganzj\u00e4hrig \u20ac 50,00 pro Tag plus die am Urlaubsort \u00fcbliche Fremdenverkehrsabgabe von zur Zeit \u20ac 1,50 pro Person\/Tag in der Zeit vom 01.04. &#8211; 31.10. ( ab 18 Jahre) W\u00fcnschen Sie eine Belegung unter 5 N\u00e4chten, sprechen Sie uns hierauf gesondert an, es ist gegebenenfalls ein Aufschlag zu entrichten. &hellip; <\/p>\n<p class=\"link-more\"><a href=\"https:\/\/www.fewo-reinsch.de\/index.php\/ein-homepage-abschnitt\/\" class=\"more-link\"><span class=\"screen-reader-text\">\u201ePreis\u201c <\/span>weiterlesen<\/a><\/p>\n","protected":false},"author":1,"featured_media":91,"parent":0,"menu_order":0,"comment_status":"closed","ping_status":"closed","template":"","meta":{"footnotes":""},"class_list":["post-17","page","type-page","status-publish","has-post-thumbnail","hentry"],"_links":{"self":[{"href":"https:\/\/www.fewo-reinsch.de\/index.php\/wp-json\/wp\/v2\/pages\/17","targetHints":{"allow":["GET"]}}],"collection":[{"href":"https:\/\/www.fewo-reinsch.de\/index.php\/wp-json\/wp\/v2\/pages"}],"about":[{"href":"https:\/\/www.fewo-reinsch.de\/index.php\/wp-json\/wp\/v2\/types\/page"}],"author":[{"embeddable":true,"href":"https:\/\/www.fewo-reinsch.de\/index.php\/wp-json\/wp\/v2\/users\/1"}],"replies":[{"embeddable":true,"href":"https:\/\/www.fewo-reinsch.de\/index.php\/wp-json\/wp\/v2\/comments?post=17"}],"version-history":[{"count":5,"href":"https:\/\/www.fewo-reinsch.de\/index.php\/wp-json\/wp\/v2\/pages\/17\/revisions"}],"predecessor-version":[{"id":114,"href":"https:\/\/www.fewo-reinsch.de\/index.php\/wp-json\/wp\/v2\/pages\/17\/revisions\/114"}],"wp:featuredmedia":[{"embeddable":true,"href":"https:\/\/www.fewo-reinsch.de\/index.php\/wp-json\/wp\/v2\/media\/91"}],"wp:attachment":[{"href":"https:\/\/www.fewo-reinsch.de\/index.php\/wp-json\/wp\/v2\/media?parent=17"}],"curies":[{"name":"wp","href":"https:\/\/api.w.org\/{rel}","templated":true}]}}