{"id":13,"date":"2023-05-06T14:18:41","date_gmt":"2023-05-06T12:18:41","guid":{"rendered":"https:\/\/www.fewo-reinsch.de\/?page_id=13"},"modified":"2023-05-06T14:22:39","modified_gmt":"2023-05-06T12:22:39","slug":"startseite","status":"publish","type":"page","link":"https:\/\/www.fewo-reinsch.de\/","title":{"rendered":"Herzlich Willkommen"},"content":{"rendered":"\n<p>auf der Homepage der Ferienwohnung Martha Reinsch. <br><br>Wir m\u00f6chten Ihnen einen kurzen \u00dcberblick \u00fcber unsere Wohnung geben. <br>Vielleicht f\u00e4llt Ihnen die Entscheidung f\u00fcr eine der vielen Unterk\u00fcnfte in Pleinfeld und Umgebung hiermit etwas leichter. <br><br>F\u00fcr R\u00fcckfragen stehen wir Ihnen gerne telefonisch zur Verf\u00fcgung. <br><br>Ihre Familie Reinsch <\/p>\n","protected":false},"excerpt":{"rendered":"<p>auf der Homepage der Ferienwohnung Martha Reinsch. Wir m\u00f6chten Ihnen einen kurzen \u00dcberblick \u00fcber unsere Wohnung geben. Vielleicht f\u00e4llt Ihnen die Entscheidung f\u00fcr eine der vielen Unterk\u00fcnfte in Pleinfeld und Umgebung hiermit etwas leichter. F\u00fcr R\u00fcckfragen stehen wir Ihnen gerne telefonisch zur Verf\u00fcgung. Ihre Familie Reinsch<\/p>\n","protected":false},"author":1,"featured_media":0,"parent":0,"menu_order":0,"comment_status":"closed","ping_status":"closed","template":"","meta":{"footnotes":""},"class_list":["post-13","page","type-page","status-publish","hentry"],"_links":{"self":[{"href":"https:\/\/www.fewo-reinsch.de\/index.php\/wp-json\/wp\/v2\/pages\/13","targetHints":{"allow":["GET"]}}],"collection":[{"href":"https:\/\/www.fewo-reinsch.de\/index.php\/wp-json\/wp\/v2\/pages"}],"about":[{"href":"https:\/\/www.fewo-reinsch.de\/index.php\/wp-json\/wp\/v2\/types\/page"}],"author":[{"embeddable":true,"href":"https:\/\/www.fewo-reinsch.de\/index.php\/wp-json\/wp\/v2\/users\/1"}],"replies":[{"embeddable":true,"href":"https:\/\/www.fewo-reinsch.de\/index.php\/wp-json\/wp\/v2\/comments?post=13"}],"version-history":[{"count":2,"href":"https:\/\/www.fewo-reinsch.de\/index.php\/wp-json\/wp\/v2\/pages\/13\/revisions"}],"predecessor-version":[{"id":46,"href":"https:\/\/www.fewo-reinsch.de\/index.php\/wp-json\/wp\/v2\/pages\/13\/revisions\/46"}],"wp:attachment":[{"href":"https:\/\/www.fewo-reinsch.de\/index.php\/wp-json\/wp\/v2\/media?parent=13"}],"curies":[{"name":"wp","href":"https:\/\/api.w.org\/{rel}","templated":true}]}}